{"id":46,"date":"2023-09-26T15:22:42","date_gmt":"2023-09-26T13:22:42","guid":{"rendered":"https:\/\/lesmanufacturiers.fr\/?page_id=46"},"modified":"2023-12-11T11:10:23","modified_gmt":"2023-12-11T10:10:23","slug":"formulaire-de-contact-les-manufacturiers","status":"publish","type":"page","link":"https:\/\/lesmanufacturiers.fr\/index.php\/formulaire-de-contact-les-manufacturiers\/","title":{"rendered":""},"content":{"rendered":"\t\t<div data-elementor-type=\"wp-page\" data-elementor-id=\"46\" class=\"elementor elementor-46\">\n\t\t\t\t\t\t\t<div class=\"elementor-element elementor-element-83ad7db e-con-full e-flex e-con e-parent\" data-id=\"83ad7db\" data-element_type=\"container\" data-settings=\"{&quot;content_width&quot;:&quot;full&quot;}\" data-core-v316-plus=\"true\">\n\t\t<div class=\"elementor-element elementor-element-884c653 e-con-full e-flex e-con e-child\" data-id=\"884c653\" data-element_type=\"container\" data-settings=\"{&quot;content_width&quot;:&quot;full&quot;}\">\n\t\t\t\t<div class=\"elementor-element elementor-element-7d5ab46 elementor-widget elementor-widget-image\" data-id=\"7d5ab46\" data-element_type=\"widget\" data-widget_type=\"image.default\">\n\t\t\t\t<div class=\"elementor-widget-container\">\n\t\t\t<style>\/*! elementor - v3.16.0 - 20-09-2023 *\/\n.elementor-widget-image{text-align:center}.elementor-widget-image a{display:inline-block}.elementor-widget-image a img[src$=\".svg\"]{width:48px}.elementor-widget-image img{vertical-align:middle;display:inline-block}<\/style>\t\t\t\t\t\t\t\t\t\t\t\t<img loading=\"lazy\" decoding=\"async\" width=\"1024\" height=\"539\" src=\"https:\/\/lesmanufacturiers.fr\/wp-content\/uploads\/2023\/10\/SAS-MANCIPATIO-image-04-sans-logo.png-1024x539.jpg\" class=\"attachment-large size-large wp-image-133\" alt=\"Vu des bureaux et locaux des Manufacturiers pr\u00e8s de B\u00e9ziers\" srcset=\"https:\/\/lesmanufacturiers.fr\/wp-content\/uploads\/2023\/10\/SAS-MANCIPATIO-image-04-sans-logo.png-1024x539.jpg 1024w, https:\/\/lesmanufacturiers.fr\/wp-content\/uploads\/2023\/10\/SAS-MANCIPATIO-image-04-sans-logo.png-300x158.jpg 300w, https:\/\/lesmanufacturiers.fr\/wp-content\/uploads\/2023\/10\/SAS-MANCIPATIO-image-04-sans-logo.png-768x404.jpg 768w, https:\/\/lesmanufacturiers.fr\/wp-content\/uploads\/2023\/10\/SAS-MANCIPATIO-image-04-sans-logo.png-1536x809.jpg 1536w, https:\/\/lesmanufacturiers.fr\/wp-content\/uploads\/2023\/10\/SAS-MANCIPATIO-image-04-sans-logo.png-2048x1078.jpg 2048w\" sizes=\"auto, (max-width: 1024px) 100vw, 1024px\" \/>\t\t\t\t\t\t\t\t\t\t\t\t\t\t\t<\/div>\n\t\t\t\t<\/div>\n\t\t\t\t<div class=\"elementor-element elementor-element-6ffdbe4 elementor-widget elementor-widget-text-editor\" data-id=\"6ffdbe4\" data-element_type=\"widget\" data-widget_type=\"text-editor.default\">\n\t\t\t\t<div class=\"elementor-widget-container\">\n\t\t\t<style>\/*! elementor - v3.16.0 - 20-09-2023 *\/\n.elementor-widget-text-editor.elementor-drop-cap-view-stacked .elementor-drop-cap{background-color:#69727d;color:#fff}.elementor-widget-text-editor.elementor-drop-cap-view-framed .elementor-drop-cap{color:#69727d;border:3px solid;background-color:transparent}.elementor-widget-text-editor:not(.elementor-drop-cap-view-default) .elementor-drop-cap{margin-top:8px}.elementor-widget-text-editor:not(.elementor-drop-cap-view-default) .elementor-drop-cap-letter{width:1em;height:1em}.elementor-widget-text-editor .elementor-drop-cap{float:left;text-align:center;line-height:1;font-size:50px}.elementor-widget-text-editor .elementor-drop-cap-letter{display:inline-block}<\/style>\t\t\t\t<p>Vous souhaitez obtenir plus d&#8217;informations sur notre programme immobilier ?\u00a0<\/p>\t\t\t\t\t\t<\/div>\n\t\t\t\t<\/div>\n\t\t\t\t<div class=\"elementor-element elementor-element-9e46400 elementor-widget elementor-widget-text-editor\" data-id=\"9e46400\" data-element_type=\"widget\" data-widget_type=\"text-editor.default\">\n\t\t\t\t<div class=\"elementor-widget-container\">\n\t\t\t\t\t\t\t<h1>CONTACTEZ-NOUS !<\/h1>\t\t\t\t\t\t<\/div>\n\t\t\t\t<\/div>\n\t\t\t\t<\/div>\n\t\t\t\t<\/div>\n\t\t<div class=\"elementor-element elementor-element-2bf3584 e-flex e-con-boxed e-con e-parent\" data-id=\"2bf3584\" data-element_type=\"container\" data-settings=\"{&quot;content_width&quot;:&quot;boxed&quot;}\" data-core-v316-plus=\"true\">\n\t\t\t\t\t<div class=\"e-con-inner\">\n\t\t<div class=\"elementor-element elementor-element-af8148a e-con-full e-flex e-con e-child\" data-id=\"af8148a\" data-element_type=\"container\" data-settings=\"{&quot;content_width&quot;:&quot;full&quot;}\">\n\t\t\t\t<div class=\"elementor-element elementor-element-be72a0e elementor-mobile-align-center elementor-widget elementor-widget-button\" data-id=\"be72a0e\" data-element_type=\"widget\" data-widget_type=\"button.default\">\n\t\t\t\t<div class=\"elementor-widget-container\">\n\t\t\t\t\t<div class=\"elementor-button-wrapper\">\n\t\t\t<a class=\"elementor-button elementor-size-sm\" role=\"button\">\n\t\t\t\t\t\t<span class=\"elementor-button-content-wrapper\">\n\t\t\t\t\t\t<span class=\"elementor-button-text\">Par t\u00e9l\u00e9phone 06 85 91 87 30<\/span>\n\t\t<\/span>\n\t\t\t\t\t<\/a>\n\t\t<\/div>\n\t\t\t\t<\/div>\n\t\t\t\t<\/div>\n\t\t\t\t<\/div>\n\t\t\t\t<div class=\"elementor-element elementor-element-9318360 elementor-widget__width-initial elementor-widget-mobile__width-initial elementor-widget elementor-widget-text-editor\" data-id=\"9318360\" data-element_type=\"widget\" data-widget_type=\"text-editor.default\">\n\t\t\t\t<div class=\"elementor-widget-container\">\n\t\t\t\t\t\t\t<p>OU<\/p>\t\t\t\t\t\t<\/div>\n\t\t\t\t<\/div>\n\t\t<div class=\"elementor-element elementor-element-d56b595 e-con-full e-flex e-con e-child\" data-id=\"d56b595\" data-element_type=\"container\" data-settings=\"{&quot;content_width&quot;:&quot;full&quot;}\">\n\t\t\t\t<div class=\"elementor-element elementor-element-8d730ee elementor-mobile-align-center elementor-widget elementor-widget-button\" data-id=\"8d730ee\" data-element_type=\"widget\" data-widget_type=\"button.default\">\n\t\t\t\t<div class=\"elementor-widget-container\">\n\t\t\t\t\t<div class=\"elementor-button-wrapper\">\n\t\t\t<a class=\"elementor-button elementor-size-sm\" role=\"button\">\n\t\t\t\t\t\t<span class=\"elementor-button-content-wrapper\">\n\t\t\t\t\t\t<span class=\"elementor-button-text\">Via le formulaire ci-dessous<\/span>\n\t\t<\/span>\n\t\t\t\t\t<\/a>\n\t\t<\/div>\n\t\t\t\t<\/div>\n\t\t\t\t<\/div>\n\t\t\t\t<\/div>\n\t\t\t\t\t<\/div>\n\t\t\t\t<\/div>\n\t\t<div class=\"elementor-element elementor-element-9720421 e-flex e-con-boxed e-con e-parent\" data-id=\"9720421\" data-element_type=\"container\" data-settings=\"{&quot;content_width&quot;:&quot;boxed&quot;}\" data-core-v316-plus=\"true\">\n\t\t\t\t\t<div class=\"e-con-inner\">\n\t\t\t\t<div class=\"elementor-element elementor-element-0ca2a48 elementor-widget__width-auto eael-wpforms-labels-yes eael-wpforms-form-button-custom elementor-widget elementor-widget-eael-wpforms\" data-id=\"0ca2a48\" data-element_type=\"widget\" data-widget_type=\"eael-wpforms.default\">\n\t\t\t\t<div class=\"elementor-widget-container\">\n\t\t\t            <div class=\"eael-contact-form eael-wpforms eael-contact-form-align-default\">\n                                <div class=\"wpforms-container wpforms-container-full wpforms-render-modern\" id=\"wpforms-60\"><form id=\"wpforms-form-60\" class=\"wpforms-validate wpforms-form wpforms-ajax-form\" data-formid=\"60\" method=\"post\" enctype=\"multipart\/form-data\" action=\"\/index.php\/wp-json\/wp\/v2\/pages\/46\" data-token=\"39805ed810b54c712b65f22f64df3010\"><div class=\"wpforms-head-container\"><\/div><noscript class=\"wpforms-error-noscript\">Please enable JavaScript in your browser to complete this form.<\/noscript><div class=\"wpforms-hidden\" id=\"wpforms-error-noscript\">Please enable JavaScript in your browser to complete this form.<\/div><div class=\"wpforms-field-container\"><div id=\"wpforms-60-field_0-container\" class=\"wpforms-field wpforms-field-name\" data-field-id=\"0\"><fieldset><legend class=\"wpforms-field-label\">Contact <span class=\"wpforms-required-label\" aria-hidden=\"true\">*<\/span><\/legend><div class=\"wpforms-field-row wpforms-field-medium\"><div class=\"wpforms-field-row-block wpforms-first wpforms-one-half\"><input type=\"text\" id=\"wpforms-60-field_0\" class=\"wpforms-field-name-first wpforms-field-required\" name=\"wpforms[fields][0][first]\" aria-errormessage=\"wpforms-60-field_0-error\" required><label for=\"wpforms-60-field_0\" class=\"wpforms-field-sublabel after \">First<\/label><\/div><div class=\"wpforms-field-row-block wpforms-one-half\"><input type=\"text\" id=\"wpforms-60-field_0-last\" class=\"wpforms-field-name-last wpforms-field-required\" name=\"wpforms[fields][0][last]\" aria-errormessage=\"wpforms-60-field_0-last-error\" required><label for=\"wpforms-60-field_0-last\" class=\"wpforms-field-sublabel after \">Last<\/label><\/div><\/div><\/fieldset><\/div><div id=\"wpforms-60-field_3-container\" class=\"wpforms-field wpforms-field-number\" data-field-id=\"3\"><label class=\"wpforms-field-label\" for=\"wpforms-60-field_3\">Num\u00e9ro de t\u00e9l\u00e9phone <span class=\"wpforms-required-label\" aria-hidden=\"true\">*<\/span><\/label><input type=\"number\" pattern=\"\\d*\" id=\"wpforms-60-field_3\" class=\"wpforms-field-medium wpforms-field-required\" name=\"wpforms[fields][3]\" aria-errormessage=\"wpforms-60-field_3-error\" required><\/div><div id=\"wpforms-60-field_1-container\" class=\"wpforms-field wpforms-field-email\" data-field-id=\"1\"><label class=\"wpforms-field-label\" for=\"wpforms-60-field_1\">E-mail <span class=\"wpforms-required-label\" aria-hidden=\"true\">*<\/span><\/label><input type=\"email\" id=\"wpforms-60-field_1\" class=\"wpforms-field-medium wpforms-field-required\" name=\"wpforms[fields][1]\" spellcheck=\"false\" aria-errormessage=\"wpforms-60-field_1-error\" required><\/div><div id=\"wpforms-60-field_2-container\" class=\"wpforms-field wpforms-field-textarea\" data-field-id=\"2\"><label class=\"wpforms-field-label\" for=\"wpforms-60-field_2\">Vos questions<\/label><textarea id=\"wpforms-60-field_2\" class=\"wpforms-field-medium\" name=\"wpforms[fields][2]\" aria-errormessage=\"wpforms-60-field_2-error\" ><\/textarea><\/div><\/div><!-- .wpforms-field-container --><div class=\"wpforms-recaptcha-container wpforms-is-recaptcha\" ><div class=\"g-recaptcha\" data-sitekey=\"6Le46qYoAAAAAPoudJd0rhquLipGCGR1uySgX2Bi\"><\/div><input type=\"text\" name=\"g-recaptcha-hidden\" class=\"wpforms-recaptcha-hidden\" style=\"position:absolute!important;clip:rect(0,0,0,0)!important;height:1px!important;width:1px!important;border:0!important;overflow:hidden!important;padding:0!important;margin:0!important;\" data-rule-recaptcha=\"1\"><\/div><div class=\"wpforms-submit-container\" ><input type=\"hidden\" name=\"wpforms[id]\" value=\"60\"><input type=\"hidden\" name=\"wpforms[author]\" value=\"1\"><button type=\"submit\" name=\"wpforms[submit]\" id=\"wpforms-submit-60\" class=\"wpforms-submit\" data-alt-text=\"Envoi...\" data-submit-text=\"Envoyer\" aria-live=\"assertive\" value=\"wpforms-submit\">Envoyer<\/button><img loading=\"lazy\" decoding=\"async\" src=\"https:\/\/lesmanufacturiers.fr\/wp-content\/plugins\/wpforms-lite\/assets\/images\/submit-spin.svg\" class=\"wpforms-submit-spinner\" style=\"display: none;\" width=\"26\" height=\"26\" alt=\"Loading\"><\/div><\/form><\/div>  <!-- .wpforms-container -->            <\/div>\n\t\t<\/div>\n\t\t\t\t<\/div>\n\t\t\t\t\t<\/div>\n\t\t\t\t<\/div>\n\t\t<div class=\"elementor-element elementor-element-ed1ac9b e-flex e-con-boxed e-con e-parent\" data-id=\"ed1ac9b\" data-element_type=\"container\" data-settings=\"{&quot;background_background&quot;:&quot;classic&quot;,&quot;content_width&quot;:&quot;boxed&quot;}\" data-core-v316-plus=\"true\">\n\t\t\t\t\t<div class=\"e-con-inner\">\n\t\t<div class=\"elementor-element elementor-element-acb6daf e-con-full e-flex e-con e-child\" data-id=\"acb6daf\" data-element_type=\"container\" data-settings=\"{&quot;content_width&quot;:&quot;full&quot;}\">\n\t\t\t\t<div class=\"elementor-element elementor-element-1763bdc elementor-widget elementor-widget-image\" data-id=\"1763bdc\" data-element_type=\"widget\" data-widget_type=\"image.default\">\n\t\t\t\t<div class=\"elementor-widget-container\">\n\t\t\t\t\t\t\t\t\t\t\t\t\t\t\t<img loading=\"lazy\" decoding=\"async\" width=\"580\" height=\"430\" src=\"https:\/\/lesmanufacturiers.fr\/wp-content\/uploads\/2023\/10\/logo-nea-bleu-sans-fond.png\" class=\"attachment-large size-large wp-image-140\" alt=\"logo transparent nea\" srcset=\"https:\/\/lesmanufacturiers.fr\/wp-content\/uploads\/2023\/10\/logo-nea-bleu-sans-fond.png 580w, https:\/\/lesmanufacturiers.fr\/wp-content\/uploads\/2023\/10\/logo-nea-bleu-sans-fond-300x222.png 300w\" sizes=\"auto, (max-width: 580px) 100vw, 580px\" \/>\t\t\t\t\t\t\t\t\t\t\t\t\t\t\t<\/div>\n\t\t\t\t<\/div>\n\t\t\t\t<\/div>\n\t\t<div class=\"elementor-element elementor-element-9043a7f e-con-full e-flex e-con e-child\" data-id=\"9043a7f\" data-element_type=\"container\" data-settings=\"{&quot;content_width&quot;:&quot;full&quot;}\">\n\t\t\t\t<div class=\"elementor-element elementor-element-76a1023 elementor-widget elementor-widget-image\" data-id=\"76a1023\" data-element_type=\"widget\" data-widget_type=\"image.default\">\n\t\t\t\t<div class=\"elementor-widget-container\">\n\t\t\t\t\t\t\t\t\t\t\t\t\t\t\t<img loading=\"lazy\" decoding=\"async\" width=\"1024\" height=\"207\" src=\"https:\/\/lesmanufacturiers.fr\/wp-content\/uploads\/2023\/11\/logo_fond_noir-1024x207.png\" class=\"attachment-large size-large wp-image-698\" alt=\"\" srcset=\"https:\/\/lesmanufacturiers.fr\/wp-content\/uploads\/2023\/11\/logo_fond_noir-1024x207.png 1024w, https:\/\/lesmanufacturiers.fr\/wp-content\/uploads\/2023\/11\/logo_fond_noir-300x61.png 300w, https:\/\/lesmanufacturiers.fr\/wp-content\/uploads\/2023\/11\/logo_fond_noir-768x155.png 768w, https:\/\/lesmanufacturiers.fr\/wp-content\/uploads\/2023\/11\/logo_fond_noir-1536x310.png 1536w, https:\/\/lesmanufacturiers.fr\/wp-content\/uploads\/2023\/11\/logo_fond_noir.png 1600w\" sizes=\"auto, (max-width: 1024px) 100vw, 1024px\" \/>\t\t\t\t\t\t\t\t\t\t\t\t\t\t\t<\/div>\n\t\t\t\t<\/div>\n\t\t\t\t<\/div>\n\t\t<div class=\"elementor-element elementor-element-629ce89 e-con-full e-flex e-con e-child\" data-id=\"629ce89\" data-element_type=\"container\" data-settings=\"{&quot;content_width&quot;:&quot;full&quot;}\">\n\t\t\t\t<div class=\"elementor-element elementor-element-b733727 elementor-widget elementor-widget-image\" data-id=\"b733727\" data-element_type=\"widget\" data-widget_type=\"image.default\">\n\t\t\t\t<div class=\"elementor-widget-container\">\n\t\t\t\t\t\t\t\t\t\t\t\t\t\t\t<img loading=\"lazy\" decoding=\"async\" width=\"551\" height=\"232\" src=\"https:\/\/lesmanufacturiers.fr\/wp-content\/uploads\/2023\/10\/GRAFEN_LOGO_Sans_fong-removebg-preview.png\" class=\"attachment-large size-large wp-image-211\" alt=\"logo transparent Grafen\" srcset=\"https:\/\/lesmanufacturiers.fr\/wp-content\/uploads\/2023\/10\/GRAFEN_LOGO_Sans_fong-removebg-preview.png 551w, https:\/\/lesmanufacturiers.fr\/wp-content\/uploads\/2023\/10\/GRAFEN_LOGO_Sans_fong-removebg-preview-300x126.png 300w\" sizes=\"auto, (max-width: 551px) 100vw, 551px\" \/>\t\t\t\t\t\t\t\t\t\t\t\t\t\t\t<\/div>\n\t\t\t\t<\/div>\n\t\t\t\t<\/div>\n\t\t\t\t\t<\/div>\n\t\t\t\t<\/div>\n\t\t\t\t\t\t\t<\/div>\n\t\t","protected":false},"excerpt":{"rendered":"<p>Vous souhaitez obtenir plus d&#8217;informations sur notre programme immobilier ?\u00a0 CONTACTEZ-NOUS ! Par t\u00e9l\u00e9phone 06 85 91 87 30 OU Via le formulaire ci-dessous Veuillez activer JavaScript dans votre navigateur pour remplir ce formulaire.Veuillez activer JavaScript dans votre navigateur pour remplir ce formulaire. Contact * Pr\u00e9nomNom Num\u00e9ro de t\u00e9l\u00e9phone *E-mail *Vos questions Envoyer<\/p>\n","protected":false},"author":1,"featured_media":0,"parent":0,"menu_order":0,"comment_status":"closed","ping_status":"closed","template":"","meta":{"footnotes":""},"class_list":["post-46","page","type-page","status-publish","hentry"],"blocksy_meta":"","yoast_head":"<!-- This site is optimized with the Yoast SEO plugin v21.3 - https:\/\/yoast.com\/wordpress\/plugins\/seo\/ -->\n<title>Les Manufacturiers - Besoin d&#039;informations ? Contactez-nous !<\/title>\n<meta name=\"description\" content=\"Vous souhaitez obtenir plus d&#039;informations sur notre programme immobilier situ\u00e9 \u00e0 Villeneuve les B\u00e9ziers ? Contactez-nous !\" \/>\n<meta name=\"robots\" content=\"index, follow, max-snippet:-1, max-image-preview:large, max-video-preview:-1\" \/>\n<link rel=\"canonical\" href=\"https:\/\/lesmanufacturiers.fr\/index.php\/formulaire-de-contact-les-manufacturiers\/\" \/>\n<meta property=\"og:locale\" content=\"en_US\" \/>\n<meta property=\"og:type\" content=\"article\" \/>\n<meta property=\"og:title\" content=\"Les Manufacturiers - Besoin d&#039;informations ? Contactez-nous !\" \/>\n<meta property=\"og:description\" content=\"Vous souhaitez obtenir plus d&#039;informations sur notre programme immobilier situ\u00e9 \u00e0 Villeneuve les B\u00e9ziers ? Contactez-nous !\" \/>\n<meta property=\"og:url\" content=\"https:\/\/lesmanufacturiers.fr\/index.php\/formulaire-de-contact-les-manufacturiers\/\" \/>\n<meta property=\"og:site_name\" content=\"Les manufacturiers\" \/>\n<meta property=\"article:publisher\" content=\"https:\/\/www.facebook.com\/profile.php?id=61551785083090\" \/>\n<meta property=\"article:modified_time\" content=\"2023-12-11T10:10:23+00:00\" \/>\n<meta property=\"og:image\" content=\"https:\/\/lesmanufacturiers.fr\/wp-content\/uploads\/2023\/10\/SAS-MANCIPATIO-image-04-sans-logo.png-1024x539.jpg\" \/>\n<meta name=\"twitter:card\" content=\"summary_large_image\" \/>\n<meta name=\"twitter:label1\" content=\"Est. reading time\" \/>\n\t<meta name=\"twitter:data1\" content=\"2 minutes\" \/>\n<script type=\"application\/ld+json\" class=\"yoast-schema-graph\">{\"@context\":\"https:\/\/schema.org\",\"@graph\":[{\"@type\":\"WebPage\",\"@id\":\"https:\/\/lesmanufacturiers.fr\/index.php\/formulaire-de-contact-les-manufacturiers\/\",\"url\":\"https:\/\/lesmanufacturiers.fr\/index.php\/formulaire-de-contact-les-manufacturiers\/\",\"name\":\"Les Manufacturiers - Besoin d'informations ? Contactez-nous !\",\"isPartOf\":{\"@id\":\"https:\/\/lesmanufacturiers.fr\/#website\"},\"datePublished\":\"2023-09-26T13:22:42+00:00\",\"dateModified\":\"2023-12-11T10:10:23+00:00\",\"description\":\"Vous souhaitez obtenir plus d'informations sur notre programme immobilier situ\u00e9 \u00e0 Villeneuve les B\u00e9ziers ? Contactez-nous !\",\"inLanguage\":\"en-US\",\"potentialAction\":[{\"@type\":\"ReadAction\",\"target\":[\"https:\/\/lesmanufacturiers.fr\/index.php\/formulaire-de-contact-les-manufacturiers\/\"]}]},{\"@type\":\"WebSite\",\"@id\":\"https:\/\/lesmanufacturiers.fr\/#website\",\"url\":\"https:\/\/lesmanufacturiers.fr\/\",\"name\":\"Les manufacturiers\",\"description\":\"Villeneuve-les-B\u00e9ziers\",\"publisher\":{\"@id\":\"https:\/\/lesmanufacturiers.fr\/#organization\"},\"potentialAction\":[{\"@type\":\"SearchAction\",\"target\":{\"@type\":\"EntryPoint\",\"urlTemplate\":\"https:\/\/lesmanufacturiers.fr\/?s={search_term_string}\"},\"query-input\":\"required name=search_term_string\"}],\"inLanguage\":\"en-US\"},{\"@type\":\"Organization\",\"@id\":\"https:\/\/lesmanufacturiers.fr\/#organization\",\"name\":\"Les Manufacturiers\",\"alternateName\":\"LM\",\"url\":\"https:\/\/lesmanufacturiers.fr\/\",\"logo\":{\"@type\":\"ImageObject\",\"inLanguage\":\"en-US\",\"@id\":\"https:\/\/lesmanufacturiers.fr\/#\/schema\/logo\/image\/\",\"url\":\"https:\/\/lesmanufacturiers.fr\/wp-content\/uploads\/2023\/09\/les-manufacturiers_logo-final_blanccouleurs_fond-noir_rvb-Copie-scaled.jpg\",\"contentUrl\":\"https:\/\/lesmanufacturiers.fr\/wp-content\/uploads\/2023\/09\/les-manufacturiers_logo-final_blanccouleurs_fond-noir_rvb-Copie-scaled.jpg\",\"width\":2560,\"height\":1813,\"caption\":\"Les Manufacturiers\"},\"image\":{\"@id\":\"https:\/\/lesmanufacturiers.fr\/#\/schema\/logo\/image\/\"},\"sameAs\":[\"https:\/\/www.facebook.com\/profile.php?id=61551785083090\",\"https:\/\/www.instagram.com\/lesmanufacturiers_\/\"]}]}<\/script>\n<!-- \/ Yoast SEO plugin. -->","yoast_head_json":{"title":"Les Manufacturiers - Besoin d'informations ? Contactez-nous !","description":"Vous souhaitez obtenir plus d'informations sur notre programme immobilier situ\u00e9 \u00e0 Villeneuve les B\u00e9ziers ? Contactez-nous !","robots":{"index":"index","follow":"follow","max-snippet":"max-snippet:-1","max-image-preview":"max-image-preview:large","max-video-preview":"max-video-preview:-1"},"canonical":"https:\/\/lesmanufacturiers.fr\/index.php\/formulaire-de-contact-les-manufacturiers\/","og_locale":"en_US","og_type":"article","og_title":"Les Manufacturiers - Besoin d'informations ? Contactez-nous !","og_description":"Vous souhaitez obtenir plus d'informations sur notre programme immobilier situ\u00e9 \u00e0 Villeneuve les B\u00e9ziers ? Contactez-nous !","og_url":"https:\/\/lesmanufacturiers.fr\/index.php\/formulaire-de-contact-les-manufacturiers\/","og_site_name":"Les manufacturiers","article_publisher":"https:\/\/www.facebook.com\/profile.php?id=61551785083090","article_modified_time":"2023-12-11T10:10:23+00:00","og_image":[{"url":"https:\/\/lesmanufacturiers.fr\/wp-content\/uploads\/2023\/10\/SAS-MANCIPATIO-image-04-sans-logo.png-1024x539.jpg"}],"twitter_card":"summary_large_image","twitter_misc":{"Est. reading time":"2 minutes"},"schema":{"@context":"https:\/\/schema.org","@graph":[{"@type":"WebPage","@id":"https:\/\/lesmanufacturiers.fr\/index.php\/formulaire-de-contact-les-manufacturiers\/","url":"https:\/\/lesmanufacturiers.fr\/index.php\/formulaire-de-contact-les-manufacturiers\/","name":"Les Manufacturiers - Besoin d'informations ? Contactez-nous !","isPartOf":{"@id":"https:\/\/lesmanufacturiers.fr\/#website"},"datePublished":"2023-09-26T13:22:42+00:00","dateModified":"2023-12-11T10:10:23+00:00","description":"Vous souhaitez obtenir plus d'informations sur notre programme immobilier situ\u00e9 \u00e0 Villeneuve les B\u00e9ziers ? Contactez-nous !","inLanguage":"en-US","potentialAction":[{"@type":"ReadAction","target":["https:\/\/lesmanufacturiers.fr\/index.php\/formulaire-de-contact-les-manufacturiers\/"]}]},{"@type":"WebSite","@id":"https:\/\/lesmanufacturiers.fr\/#website","url":"https:\/\/lesmanufacturiers.fr\/","name":"Les manufacturiers","description":"Villeneuve-les-B\u00e9ziers","publisher":{"@id":"https:\/\/lesmanufacturiers.fr\/#organization"},"potentialAction":[{"@type":"SearchAction","target":{"@type":"EntryPoint","urlTemplate":"https:\/\/lesmanufacturiers.fr\/?s={search_term_string}"},"query-input":"required name=search_term_string"}],"inLanguage":"en-US"},{"@type":"Organization","@id":"https:\/\/lesmanufacturiers.fr\/#organization","name":"Les Manufacturiers","alternateName":"LM","url":"https:\/\/lesmanufacturiers.fr\/","logo":{"@type":"ImageObject","inLanguage":"en-US","@id":"https:\/\/lesmanufacturiers.fr\/#\/schema\/logo\/image\/","url":"https:\/\/lesmanufacturiers.fr\/wp-content\/uploads\/2023\/09\/les-manufacturiers_logo-final_blanccouleurs_fond-noir_rvb-Copie-scaled.jpg","contentUrl":"https:\/\/lesmanufacturiers.fr\/wp-content\/uploads\/2023\/09\/les-manufacturiers_logo-final_blanccouleurs_fond-noir_rvb-Copie-scaled.jpg","width":2560,"height":1813,"caption":"Les Manufacturiers"},"image":{"@id":"https:\/\/lesmanufacturiers.fr\/#\/schema\/logo\/image\/"},"sameAs":["https:\/\/www.facebook.com\/profile.php?id=61551785083090","https:\/\/www.instagram.com\/lesmanufacturiers_\/"]}]}},"_links":{"self":[{"href":"https:\/\/lesmanufacturiers.fr\/index.php\/wp-json\/wp\/v2\/pages\/46","targetHints":{"allow":["GET"]}}],"collection":[{"href":"https:\/\/lesmanufacturiers.fr\/index.php\/wp-json\/wp\/v2\/pages"}],"about":[{"href":"https:\/\/lesmanufacturiers.fr\/index.php\/wp-json\/wp\/v2\/types\/page"}],"author":[{"embeddable":true,"href":"https:\/\/lesmanufacturiers.fr\/index.php\/wp-json\/wp\/v2\/users\/1"}],"replies":[{"embeddable":true,"href":"https:\/\/lesmanufacturiers.fr\/index.php\/wp-json\/wp\/v2\/comments?post=46"}],"version-history":[{"count":129,"href":"https:\/\/lesmanufacturiers.fr\/index.php\/wp-json\/wp\/v2\/pages\/46\/revisions"}],"predecessor-version":[{"id":742,"href":"https:\/\/lesmanufacturiers.fr\/index.php\/wp-json\/wp\/v2\/pages\/46\/revisions\/742"}],"wp:attachment":[{"href":"https:\/\/lesmanufacturiers.fr\/index.php\/wp-json\/wp\/v2\/media?parent=46"}],"curies":[{"name":"wp","href":"https:\/\/api.w.org\/{rel}","templated":true}]}}